{"id":26,"date":"2021-09-15T08:26:35","date_gmt":"2021-09-15T08:26:35","guid":{"rendered":"http:\/\/www.jetsetbar.fi\/?page_id=26"},"modified":"2021-09-29T18:26:37","modified_gmt":"2021-09-29T18:26:37","slug":"galleria","status":"publish","type":"page","link":"http:\/\/www.jetsetbar.fi\/index.php\/galleria\/","title":{"rendered":"Galleria"},"content":{"rendered":"\n<h1 class=\"has-text-align-center\"><strong>Matkan varrelta<\/strong><\/h1>\n\n\n\n<p>T\u00e4\u00e4lt\u00e4 l\u00f6yd\u00e4t Jetiss\u00e4 vietettyj\u00e4 ikimuistoisia hetki\u00e4 vuosien varrelta! L\u00f6yd\u00e4t lis\u00e4\u00e4 ja tuoreempia kuvia my\u00f6s meid\u00e4n Instagramista! <\/p>\n\n\n\n<ul class=\"is-layout-flex wp-block-social-links aligncenter items-justified-center is-style-pill-shape\"><li class=\"wp-social-link wp-social-link-instagram wp-block-social-link\"><a href=\"https:\/\/www.instagram.com\/jetsetbarjns\/\" rel=\"noopener nofollow\" target=\"_blank\" class=\"wp-block-social-link-anchor\"><svg width=\"24\" height=\"24\" viewBox=\"0 0 24 24\" version=\"1.1\" xmlns=\"http:\/\/www.w3.org\/2000\/svg\" aria-hidden=\"true\" focusable=\"false\"><path d=\"M12,4.622c2.403,0,2.688,0.009,3.637,0.052c0.877,0.04,1.354,0.187,1.671,0.31c0.42,0.163,0.72,0.358,1.035,0.673 c0.315,0.315,0.51,0.615,0.673,1.035c0.123,0.317,0.27,0.794,0.31,1.671c0.043,0.949,0.052,1.234,0.052,3.637 s-0.009,2.688-0.052,3.637c-0.04,0.877-0.187,1.354-0.31,1.671c-0.163,0.42-0.358,0.72-0.673,1.035 c-0.315,0.315-0.615,0.51-1.035,0.673c-0.317,0.123-0.794,0.27-1.671,0.31c-0.949,0.043-1.233,0.052-3.637,0.052 s-2.688-0.009-3.637-0.052c-0.877-0.04-1.354-0.187-1.671-0.31c-0.42-0.163-0.72-0.358-1.035-0.673 c-0.315-0.315-0.51-0.615-0.673-1.035c-0.123-0.317-0.27-0.794-0.31-1.671C4.631,14.688,4.622,14.403,4.622,12 s0.009-2.688,0.052-3.637c0.04-0.877,0.187-1.354,0.31-1.671c0.163-0.42,0.358-0.72,0.673-1.035 c0.315-0.315,0.615-0.51,1.035-0.673c0.317-0.123,0.794-0.27,1.671-0.31C9.312,4.631,9.597,4.622,12,4.622 M12,3 C9.556,3,9.249,3.01,8.289,3.054C7.331,3.098,6.677,3.25,6.105,3.472C5.513,3.702,5.011,4.01,4.511,4.511 c-0.5,0.5-0.808,1.002-1.038,1.594C3.25,6.677,3.098,7.331,3.054,8.289C3.01,9.249,3,9.556,3,12c0,2.444,0.01,2.751,0.054,3.711 c0.044,0.958,0.196,1.612,0.418,2.185c0.23,0.592,0.538,1.094,1.038,1.594c0.5,0.5,1.002,0.808,1.594,1.038 c0.572,0.222,1.227,0.375,2.185,0.418C9.249,20.99,9.556,21,12,21s2.751-0.01,3.711-0.054c0.958-0.044,1.612-0.196,2.185-0.418 c0.592-0.23,1.094-0.538,1.594-1.038c0.5-0.5,0.808-1.002,1.038-1.594c0.222-0.572,0.375-1.227,0.418-2.185 C20.99,14.751,21,14.444,21,12s-0.01-2.751-0.054-3.711c-0.044-0.958-0.196-1.612-0.418-2.185c-0.23-0.592-0.538-1.094-1.038-1.594 c-0.5-0.5-1.002-0.808-1.594-1.038c-0.572-0.222-1.227-0.375-2.185-0.418C14.751,3.01,14.444,3,12,3L12,3z M12,7.378 c-2.552,0-4.622,2.069-4.622,4.622S9.448,16.622,12,16.622s4.622-2.069,4.622-4.622S14.552,7.378,12,7.378z M12,15 c-1.657,0-3-1.343-3-3s1.343-3,3-3s3,1.343,3,3S13.657,15,12,15z M16.804,6.116c-0.596,0-1.08,0.484-1.08,1.08 s0.484,1.08,1.08,1.08c0.596,0,1.08-0.484,1.08-1.08S17.401,6.116,16.804,6.116z\"><\/path><\/svg><span class=\"wp-block-social-link-label screen-reader-text\">Instagram<\/span><\/a><\/li>\n\n<li class=\"wp-social-link wp-social-link-facebook wp-block-social-link\"><a href=\"https:\/\/www.facebook.com\/JetSetBarJNS\" rel=\"noopener nofollow\" target=\"_blank\" class=\"wp-block-social-link-anchor\"><svg width=\"24\" height=\"24\" viewBox=\"0 0 24 24\" version=\"1.1\" xmlns=\"http:\/\/www.w3.org\/2000\/svg\" aria-hidden=\"true\" focusable=\"false\"><path d=\"M12 2C6.5 2 2 6.5 2 12c0 5 3.7 9.1 8.4 9.9v-7H7.9V12h2.5V9.8c0-2.5 1.5-3.9 3.8-3.9 1.1 0 2.2.2 2.2.2v2.5h-1.3c-1.2 0-1.6.8-1.6 1.6V12h2.8l-.4 2.9h-2.3v7C18.3 21.1 22 17 22 12c0-5.5-4.5-10-10-10z\"><\/path><\/svg><span class=\"wp-block-social-link-label screen-reader-text\">Facebook<\/span><\/a><\/li><\/ul>\n\n\n\n<figure class=\"is-layout-flex wp-block-gallery-2 wp-block-gallery columns-3 is-cropped\"><ul class=\"blocks-gallery-grid\"><li class=\"blocks-gallery-item\"><figure><img decoding=\"async\" loading=\"lazy\" width=\"1024\" height=\"687\" src=\"http:\/\/www.jetsetbar.fi\/wp-content\/uploads\/2021\/09\/Untitled-20-1024x687.jpg\" alt=\"\" data-id=\"75\" data-full-url=\"http:\/\/www.jetsetbar.fi\/wp-content\/uploads\/2021\/09\/Untitled-20.jpg\" data-link=\"http:\/\/www.jetsetbar.fi\/index.php\/galleria\/untitled-20\/\" class=\"wp-image-75\" srcset=\"http:\/\/www.jetsetbar.fi\/wp-content\/uploads\/2021\/09\/Untitled-20-1024x687.jpg 1024w, http:\/\/www.jetsetbar.fi\/wp-content\/uploads\/2021\/09\/Untitled-20-300x201.jpg 300w, http:\/\/www.jetsetbar.fi\/wp-content\/uploads\/2021\/09\/Untitled-20-768x516.jpg 768w, http:\/\/www.jetsetbar.fi\/wp-content\/uploads\/2021\/09\/Untitled-20-1536x1031.jpg 1536w, http:\/\/www.jetsetbar.fi\/wp-content\/uploads\/2021\/09\/Untitled-20.jpg 1795w\" sizes=\"(max-width: 1024px) 100vw, 1024px\" \/><\/figure><\/li><li class=\"blocks-gallery-item\"><figure><img decoding=\"async\" loading=\"lazy\" width=\"1024\" height=\"687\" src=\"http:\/\/www.jetsetbar.fi\/wp-content\/uploads\/2021\/09\/Untitled-21-1024x687.jpg\" alt=\"\" data-id=\"76\" data-full-url=\"http:\/\/www.jetsetbar.fi\/wp-content\/uploads\/2021\/09\/Untitled-21.jpg\" data-link=\"http:\/\/www.jetsetbar.fi\/index.php\/galleria\/untitled-21\/\" class=\"wp-image-76\" srcset=\"http:\/\/www.jetsetbar.fi\/wp-content\/uploads\/2021\/09\/Untitled-21-1024x687.jpg 1024w, http:\/\/www.jetsetbar.fi\/wp-content\/uploads\/2021\/09\/Untitled-21-300x201.jpg 300w, http:\/\/www.jetsetbar.fi\/wp-content\/uploads\/2021\/09\/Untitled-21-768x516.jpg 768w, http:\/\/www.jetsetbar.fi\/wp-content\/uploads\/2021\/09\/Untitled-21-1536x1031.jpg 1536w, http:\/\/www.jetsetbar.fi\/wp-content\/uploads\/2021\/09\/Untitled-21.jpg 1795w\" sizes=\"(max-width: 1024px) 100vw, 1024px\" \/><\/figure><\/li><li class=\"blocks-gallery-item\"><figure><img decoding=\"async\" loading=\"lazy\" width=\"1024\" height=\"687\" src=\"http:\/\/www.jetsetbar.fi\/wp-content\/uploads\/2021\/09\/Untitled-1-1024x687.jpg\" alt=\"\" data-id=\"77\" data-full-url=\"http:\/\/www.jetsetbar.fi\/wp-content\/uploads\/2021\/09\/Untitled-1.jpg\" data-link=\"http:\/\/www.jetsetbar.fi\/index.php\/galleria\/untitled-1\/\" class=\"wp-image-77\" srcset=\"http:\/\/www.jetsetbar.fi\/wp-content\/uploads\/2021\/09\/Untitled-1-1024x687.jpg 1024w, http:\/\/www.jetsetbar.fi\/wp-content\/uploads\/2021\/09\/Untitled-1-300x201.jpg 300w, http:\/\/www.jetsetbar.fi\/wp-content\/uploads\/2021\/09\/Untitled-1-768x516.jpg 768w, http:\/\/www.jetsetbar.fi\/wp-content\/uploads\/2021\/09\/Untitled-1-1536x1031.jpg 1536w, http:\/\/www.jetsetbar.fi\/wp-content\/uploads\/2021\/09\/Untitled-1.jpg 1795w\" sizes=\"(max-width: 1024px) 100vw, 1024px\" \/><\/figure><\/li><li class=\"blocks-gallery-item\"><figure><img decoding=\"async\" loading=\"lazy\" width=\"1024\" height=\"687\" src=\"http:\/\/www.jetsetbar.fi\/wp-content\/uploads\/2021\/09\/Untitled-2-1024x687.jpg\" alt=\"\" data-id=\"78\" data-full-url=\"http:\/\/www.jetsetbar.fi\/wp-content\/uploads\/2021\/09\/Untitled-2.jpg\" data-link=\"http:\/\/www.jetsetbar.fi\/index.php\/galleria\/untitled-2\/\" class=\"wp-image-78\" srcset=\"http:\/\/www.jetsetbar.fi\/wp-content\/uploads\/2021\/09\/Untitled-2-1024x687.jpg 1024w, http:\/\/www.jetsetbar.fi\/wp-content\/uploads\/2021\/09\/Untitled-2-300x201.jpg 300w, http:\/\/www.jetsetbar.fi\/wp-content\/uploads\/2021\/09\/Untitled-2-768x516.jpg 768w, http:\/\/www.jetsetbar.fi\/wp-content\/uploads\/2021\/09\/Untitled-2-1536x1031.jpg 1536w, http:\/\/www.jetsetbar.fi\/wp-content\/uploads\/2021\/09\/Untitled-2.jpg 1795w\" sizes=\"(max-width: 1024px) 100vw, 1024px\" \/><\/figure><\/li><li class=\"blocks-gallery-item\"><figure><img decoding=\"async\" loading=\"lazy\" width=\"1024\" height=\"687\" src=\"http:\/\/www.jetsetbar.fi\/wp-content\/uploads\/2021\/09\/Untitled-3-1024x687.jpg\" alt=\"\" data-id=\"79\" data-full-url=\"http:\/\/www.jetsetbar.fi\/wp-content\/uploads\/2021\/09\/Untitled-3.jpg\" data-link=\"http:\/\/www.jetsetbar.fi\/index.php\/galleria\/untitled-3\/\" class=\"wp-image-79\" srcset=\"http:\/\/www.jetsetbar.fi\/wp-content\/uploads\/2021\/09\/Untitled-3-1024x687.jpg 1024w, http:\/\/www.jetsetbar.fi\/wp-content\/uploads\/2021\/09\/Untitled-3-300x201.jpg 300w, http:\/\/www.jetsetbar.fi\/wp-content\/uploads\/2021\/09\/Untitled-3-768x516.jpg 768w, http:\/\/www.jetsetbar.fi\/wp-content\/uploads\/2021\/09\/Untitled-3-1536x1031.jpg 1536w, http:\/\/www.jetsetbar.fi\/wp-content\/uploads\/2021\/09\/Untitled-3.jpg 1795w\" sizes=\"(max-width: 1024px) 100vw, 1024px\" \/><\/figure><\/li><li class=\"blocks-gallery-item\"><figure><img decoding=\"async\" loading=\"lazy\" width=\"1024\" height=\"687\" src=\"http:\/\/www.jetsetbar.fi\/wp-content\/uploads\/2021\/09\/Untitled-4-1024x687.jpg\" alt=\"\" data-id=\"80\" data-full-url=\"http:\/\/www.jetsetbar.fi\/wp-content\/uploads\/2021\/09\/Untitled-4.jpg\" data-link=\"http:\/\/www.jetsetbar.fi\/index.php\/galleria\/untitled-4\/\" class=\"wp-image-80\" srcset=\"http:\/\/www.jetsetbar.fi\/wp-content\/uploads\/2021\/09\/Untitled-4-1024x687.jpg 1024w, http:\/\/www.jetsetbar.fi\/wp-content\/uploads\/2021\/09\/Untitled-4-300x201.jpg 300w, http:\/\/www.jetsetbar.fi\/wp-content\/uploads\/2021\/09\/Untitled-4-768x516.jpg 768w, http:\/\/www.jetsetbar.fi\/wp-content\/uploads\/2021\/09\/Untitled-4-1536x1031.jpg 1536w, http:\/\/www.jetsetbar.fi\/wp-content\/uploads\/2021\/09\/Untitled-4.jpg 1795w\" sizes=\"(max-width: 1024px) 100vw, 1024px\" \/><\/figure><\/li><li class=\"blocks-gallery-item\"><figure><img decoding=\"async\" loading=\"lazy\" width=\"1024\" height=\"687\" src=\"http:\/\/www.jetsetbar.fi\/wp-content\/uploads\/2021\/09\/Untitled-5-1024x687.jpg\" alt=\"\" data-id=\"81\" data-full-url=\"http:\/\/www.jetsetbar.fi\/wp-content\/uploads\/2021\/09\/Untitled-5.jpg\" data-link=\"http:\/\/www.jetsetbar.fi\/index.php\/galleria\/untitled-5\/\" class=\"wp-image-81\" srcset=\"http:\/\/www.jetsetbar.fi\/wp-content\/uploads\/2021\/09\/Untitled-5-1024x687.jpg 1024w, http:\/\/www.jetsetbar.fi\/wp-content\/uploads\/2021\/09\/Untitled-5-300x201.jpg 300w, http:\/\/www.jetsetbar.fi\/wp-content\/uploads\/2021\/09\/Untitled-5-768x516.jpg 768w, http:\/\/www.jetsetbar.fi\/wp-content\/uploads\/2021\/09\/Untitled-5-1536x1031.jpg 1536w, http:\/\/www.jetsetbar.fi\/wp-content\/uploads\/2021\/09\/Untitled-5.jpg 1795w\" sizes=\"(max-width: 1024px) 100vw, 1024px\" \/><\/figure><\/li><li class=\"blocks-gallery-item\"><figure><img decoding=\"async\" loading=\"lazy\" width=\"1024\" height=\"687\" src=\"http:\/\/www.jetsetbar.fi\/wp-content\/uploads\/2021\/09\/Untitled-6-1-1024x687.jpg\" alt=\"\" data-id=\"82\" data-full-url=\"http:\/\/www.jetsetbar.fi\/wp-content\/uploads\/2021\/09\/Untitled-6-1.jpg\" data-link=\"http:\/\/www.jetsetbar.fi\/index.php\/galleria\/untitled-6-1\/\" class=\"wp-image-82\" srcset=\"http:\/\/www.jetsetbar.fi\/wp-content\/uploads\/2021\/09\/Untitled-6-1-1024x687.jpg 1024w, http:\/\/www.jetsetbar.fi\/wp-content\/uploads\/2021\/09\/Untitled-6-1-300x201.jpg 300w, http:\/\/www.jetsetbar.fi\/wp-content\/uploads\/2021\/09\/Untitled-6-1-768x516.jpg 768w, http:\/\/www.jetsetbar.fi\/wp-content\/uploads\/2021\/09\/Untitled-6-1-1536x1031.jpg 1536w, http:\/\/www.jetsetbar.fi\/wp-content\/uploads\/2021\/09\/Untitled-6-1.jpg 1795w\" sizes=\"(max-width: 1024px) 100vw, 1024px\" \/><\/figure><\/li><li class=\"blocks-gallery-item\"><figure><img decoding=\"async\" loading=\"lazy\" width=\"1024\" height=\"687\" src=\"http:\/\/www.jetsetbar.fi\/wp-content\/uploads\/2021\/09\/Untitled-7-1024x687.jpg\" alt=\"\" data-id=\"83\" data-full-url=\"http:\/\/www.jetsetbar.fi\/wp-content\/uploads\/2021\/09\/Untitled-7.jpg\" data-link=\"http:\/\/www.jetsetbar.fi\/index.php\/galleria\/untitled-7\/\" class=\"wp-image-83\" srcset=\"http:\/\/www.jetsetbar.fi\/wp-content\/uploads\/2021\/09\/Untitled-7-1024x687.jpg 1024w, http:\/\/www.jetsetbar.fi\/wp-content\/uploads\/2021\/09\/Untitled-7-300x201.jpg 300w, http:\/\/www.jetsetbar.fi\/wp-content\/uploads\/2021\/09\/Untitled-7-768x516.jpg 768w, http:\/\/www.jetsetbar.fi\/wp-content\/uploads\/2021\/09\/Untitled-7-1536x1031.jpg 1536w, http:\/\/www.jetsetbar.fi\/wp-content\/uploads\/2021\/09\/Untitled-7.jpg 1795w\" sizes=\"(max-width: 1024px) 100vw, 1024px\" \/><\/figure><\/li><li class=\"blocks-gallery-item\"><figure><img decoding=\"async\" loading=\"lazy\" width=\"1024\" height=\"687\" src=\"http:\/\/www.jetsetbar.fi\/wp-content\/uploads\/2021\/09\/Untitled-8-1024x687.jpg\" alt=\"\" data-id=\"84\" data-full-url=\"http:\/\/www.jetsetbar.fi\/wp-content\/uploads\/2021\/09\/Untitled-8.jpg\" data-link=\"http:\/\/www.jetsetbar.fi\/index.php\/galleria\/untitled-8\/\" class=\"wp-image-84\" srcset=\"http:\/\/www.jetsetbar.fi\/wp-content\/uploads\/2021\/09\/Untitled-8-1024x687.jpg 1024w, http:\/\/www.jetsetbar.fi\/wp-content\/uploads\/2021\/09\/Untitled-8-300x201.jpg 300w, http:\/\/www.jetsetbar.fi\/wp-content\/uploads\/2021\/09\/Untitled-8-768x516.jpg 768w, http:\/\/www.jetsetbar.fi\/wp-content\/uploads\/2021\/09\/Untitled-8-1536x1031.jpg 1536w, http:\/\/www.jetsetbar.fi\/wp-content\/uploads\/2021\/09\/Untitled-8.jpg 1795w\" sizes=\"(max-width: 1024px) 100vw, 1024px\" \/><\/figure><\/li><li class=\"blocks-gallery-item\"><figure><img decoding=\"async\" loading=\"lazy\" width=\"1024\" height=\"687\" src=\"http:\/\/www.jetsetbar.fi\/wp-content\/uploads\/2021\/09\/Untitled-9-1-1024x687.jpg\" alt=\"\" data-id=\"85\" data-full-url=\"http:\/\/www.jetsetbar.fi\/wp-content\/uploads\/2021\/09\/Untitled-9-1.jpg\" data-link=\"http:\/\/www.jetsetbar.fi\/index.php\/galleria\/untitled-9-1\/\" class=\"wp-image-85\" srcset=\"http:\/\/www.jetsetbar.fi\/wp-content\/uploads\/2021\/09\/Untitled-9-1-1024x687.jpg 1024w, http:\/\/www.jetsetbar.fi\/wp-content\/uploads\/2021\/09\/Untitled-9-1-300x201.jpg 300w, http:\/\/www.jetsetbar.fi\/wp-content\/uploads\/2021\/09\/Untitled-9-1-768x516.jpg 768w, http:\/\/www.jetsetbar.fi\/wp-content\/uploads\/2021\/09\/Untitled-9-1-1536x1031.jpg 1536w, http:\/\/www.jetsetbar.fi\/wp-content\/uploads\/2021\/09\/Untitled-9-1.jpg 1795w\" sizes=\"(max-width: 1024px) 100vw, 1024px\" \/><\/figure><\/li><li class=\"blocks-gallery-item\"><figure><img decoding=\"async\" loading=\"lazy\" width=\"1024\" height=\"687\" src=\"http:\/\/www.jetsetbar.fi\/wp-content\/uploads\/2021\/09\/Untitled-10-1-1024x687.jpg\" alt=\"\" data-id=\"86\" data-full-url=\"http:\/\/www.jetsetbar.fi\/wp-content\/uploads\/2021\/09\/Untitled-10-1.jpg\" data-link=\"http:\/\/www.jetsetbar.fi\/index.php\/galleria\/untitled-10-1\/\" class=\"wp-image-86\" srcset=\"http:\/\/www.jetsetbar.fi\/wp-content\/uploads\/2021\/09\/Untitled-10-1-1024x687.jpg 1024w, http:\/\/www.jetsetbar.fi\/wp-content\/uploads\/2021\/09\/Untitled-10-1-300x201.jpg 300w, http:\/\/www.jetsetbar.fi\/wp-content\/uploads\/2021\/09\/Untitled-10-1-768x516.jpg 768w, http:\/\/www.jetsetbar.fi\/wp-content\/uploads\/2021\/09\/Untitled-10-1-1536x1031.jpg 1536w, http:\/\/www.jetsetbar.fi\/wp-content\/uploads\/2021\/09\/Untitled-10-1.jpg 1795w\" sizes=\"(max-width: 1024px) 100vw, 1024px\" \/><\/figure><\/li><li class=\"blocks-gallery-item\"><figure><img decoding=\"async\" loading=\"lazy\" width=\"1024\" height=\"687\" src=\"http:\/\/www.jetsetbar.fi\/wp-content\/uploads\/2021\/09\/Untitled-11-1024x687.jpg\" alt=\"\" data-id=\"87\" data-full-url=\"http:\/\/www.jetsetbar.fi\/wp-content\/uploads\/2021\/09\/Untitled-11.jpg\" data-link=\"http:\/\/www.jetsetbar.fi\/index.php\/galleria\/untitled-11\/\" class=\"wp-image-87\" srcset=\"http:\/\/www.jetsetbar.fi\/wp-content\/uploads\/2021\/09\/Untitled-11-1024x687.jpg 1024w, http:\/\/www.jetsetbar.fi\/wp-content\/uploads\/2021\/09\/Untitled-11-300x201.jpg 300w, http:\/\/www.jetsetbar.fi\/wp-content\/uploads\/2021\/09\/Untitled-11-768x516.jpg 768w, http:\/\/www.jetsetbar.fi\/wp-content\/uploads\/2021\/09\/Untitled-11-1536x1031.jpg 1536w, http:\/\/www.jetsetbar.fi\/wp-content\/uploads\/2021\/09\/Untitled-11.jpg 1795w\" sizes=\"(max-width: 1024px) 100vw, 1024px\" \/><\/figure><\/li><li class=\"blocks-gallery-item\"><figure><img decoding=\"async\" loading=\"lazy\" width=\"1024\" height=\"687\" src=\"http:\/\/www.jetsetbar.fi\/wp-content\/uploads\/2021\/09\/Untitled-12-1-1024x687.jpg\" alt=\"\" data-id=\"88\" data-full-url=\"http:\/\/www.jetsetbar.fi\/wp-content\/uploads\/2021\/09\/Untitled-12-1.jpg\" data-link=\"http:\/\/www.jetsetbar.fi\/index.php\/galleria\/untitled-12-1\/\" class=\"wp-image-88\" srcset=\"http:\/\/www.jetsetbar.fi\/wp-content\/uploads\/2021\/09\/Untitled-12-1-1024x687.jpg 1024w, http:\/\/www.jetsetbar.fi\/wp-content\/uploads\/2021\/09\/Untitled-12-1-300x201.jpg 300w, http:\/\/www.jetsetbar.fi\/wp-content\/uploads\/2021\/09\/Untitled-12-1-768x516.jpg 768w, http:\/\/www.jetsetbar.fi\/wp-content\/uploads\/2021\/09\/Untitled-12-1-1536x1031.jpg 1536w, http:\/\/www.jetsetbar.fi\/wp-content\/uploads\/2021\/09\/Untitled-12-1.jpg 1795w\" sizes=\"(max-width: 1024px) 100vw, 1024px\" \/><\/figure><\/li><li class=\"blocks-gallery-item\"><figure><img decoding=\"async\" loading=\"lazy\" width=\"1024\" height=\"687\" src=\"http:\/\/www.jetsetbar.fi\/wp-content\/uploads\/2021\/09\/Untitled-13-1024x687.jpg\" alt=\"\" data-id=\"89\" data-full-url=\"http:\/\/www.jetsetbar.fi\/wp-content\/uploads\/2021\/09\/Untitled-13.jpg\" data-link=\"http:\/\/www.jetsetbar.fi\/index.php\/galleria\/untitled-13\/\" class=\"wp-image-89\" srcset=\"http:\/\/www.jetsetbar.fi\/wp-content\/uploads\/2021\/09\/Untitled-13-1024x687.jpg 1024w, http:\/\/www.jetsetbar.fi\/wp-content\/uploads\/2021\/09\/Untitled-13-300x201.jpg 300w, http:\/\/www.jetsetbar.fi\/wp-content\/uploads\/2021\/09\/Untitled-13-768x516.jpg 768w, http:\/\/www.jetsetbar.fi\/wp-content\/uploads\/2021\/09\/Untitled-13-1536x1031.jpg 1536w, http:\/\/www.jetsetbar.fi\/wp-content\/uploads\/2021\/09\/Untitled-13.jpg 1795w\" sizes=\"(max-width: 1024px) 100vw, 1024px\" \/><\/figure><\/li><li class=\"blocks-gallery-item\"><figure><img decoding=\"async\" loading=\"lazy\" width=\"1024\" height=\"687\" src=\"http:\/\/www.jetsetbar.fi\/wp-content\/uploads\/2021\/09\/Untitled-14-1-1024x687.jpg\" alt=\"\" data-id=\"90\" data-full-url=\"http:\/\/www.jetsetbar.fi\/wp-content\/uploads\/2021\/09\/Untitled-14-1.jpg\" data-link=\"http:\/\/www.jetsetbar.fi\/index.php\/galleria\/untitled-14-1\/\" class=\"wp-image-90\" srcset=\"http:\/\/www.jetsetbar.fi\/wp-content\/uploads\/2021\/09\/Untitled-14-1-1024x687.jpg 1024w, http:\/\/www.jetsetbar.fi\/wp-content\/uploads\/2021\/09\/Untitled-14-1-300x201.jpg 300w, http:\/\/www.jetsetbar.fi\/wp-content\/uploads\/2021\/09\/Untitled-14-1-768x516.jpg 768w, http:\/\/www.jetsetbar.fi\/wp-content\/uploads\/2021\/09\/Untitled-14-1-1536x1031.jpg 1536w, http:\/\/www.jetsetbar.fi\/wp-content\/uploads\/2021\/09\/Untitled-14-1.jpg 1795w\" sizes=\"(max-width: 1024px) 100vw, 1024px\" \/><\/figure><\/li><li class=\"blocks-gallery-item\"><figure><img decoding=\"async\" loading=\"lazy\" width=\"1024\" height=\"687\" src=\"http:\/\/www.jetsetbar.fi\/wp-content\/uploads\/2021\/09\/Untitled-15-1024x687.jpg\" alt=\"\" data-id=\"91\" data-full-url=\"http:\/\/www.jetsetbar.fi\/wp-content\/uploads\/2021\/09\/Untitled-15.jpg\" data-link=\"http:\/\/www.jetsetbar.fi\/index.php\/galleria\/untitled-15\/\" class=\"wp-image-91\" srcset=\"http:\/\/www.jetsetbar.fi\/wp-content\/uploads\/2021\/09\/Untitled-15-1024x687.jpg 1024w, http:\/\/www.jetsetbar.fi\/wp-content\/uploads\/2021\/09\/Untitled-15-300x201.jpg 300w, http:\/\/www.jetsetbar.fi\/wp-content\/uploads\/2021\/09\/Untitled-15-768x516.jpg 768w, http:\/\/www.jetsetbar.fi\/wp-content\/uploads\/2021\/09\/Untitled-15-1536x1031.jpg 1536w, http:\/\/www.jetsetbar.fi\/wp-content\/uploads\/2021\/09\/Untitled-15.jpg 1795w\" sizes=\"(max-width: 1024px) 100vw, 1024px\" \/><\/figure><\/li><li class=\"blocks-gallery-item\"><figure><img decoding=\"async\" loading=\"lazy\" width=\"1024\" height=\"687\" src=\"http:\/\/www.jetsetbar.fi\/wp-content\/uploads\/2021\/09\/Untitled-16-1024x687.jpg\" alt=\"\" data-id=\"92\" data-full-url=\"http:\/\/www.jetsetbar.fi\/wp-content\/uploads\/2021\/09\/Untitled-16.jpg\" data-link=\"http:\/\/www.jetsetbar.fi\/index.php\/galleria\/untitled-16\/\" class=\"wp-image-92\" srcset=\"http:\/\/www.jetsetbar.fi\/wp-content\/uploads\/2021\/09\/Untitled-16-1024x687.jpg 1024w, http:\/\/www.jetsetbar.fi\/wp-content\/uploads\/2021\/09\/Untitled-16-300x201.jpg 300w, http:\/\/www.jetsetbar.fi\/wp-content\/uploads\/2021\/09\/Untitled-16-768x516.jpg 768w, http:\/\/www.jetsetbar.fi\/wp-content\/uploads\/2021\/09\/Untitled-16-1536x1031.jpg 1536w, http:\/\/www.jetsetbar.fi\/wp-content\/uploads\/2021\/09\/Untitled-16.jpg 1795w\" sizes=\"(max-width: 1024px) 100vw, 1024px\" \/><\/figure><\/li><li class=\"blocks-gallery-item\"><figure><img decoding=\"async\" loading=\"lazy\" width=\"1024\" height=\"687\" src=\"http:\/\/www.jetsetbar.fi\/wp-content\/uploads\/2021\/09\/Untitled-17-1024x687.jpg\" alt=\"\" data-id=\"95\" data-full-url=\"http:\/\/www.jetsetbar.fi\/wp-content\/uploads\/2021\/09\/Untitled-17.jpg\" data-link=\"http:\/\/www.jetsetbar.fi\/index.php\/galleria\/untitled-17\/\" class=\"wp-image-95\" srcset=\"http:\/\/www.jetsetbar.fi\/wp-content\/uploads\/2021\/09\/Untitled-17-1024x687.jpg 1024w, http:\/\/www.jetsetbar.fi\/wp-content\/uploads\/2021\/09\/Untitled-17-300x201.jpg 300w, http:\/\/www.jetsetbar.fi\/wp-content\/uploads\/2021\/09\/Untitled-17-768x516.jpg 768w, http:\/\/www.jetsetbar.fi\/wp-content\/uploads\/2021\/09\/Untitled-17-1536x1031.jpg 1536w, http:\/\/www.jetsetbar.fi\/wp-content\/uploads\/2021\/09\/Untitled-17.jpg 1795w\" sizes=\"(max-width: 1024px) 100vw, 1024px\" \/><\/figure><\/li><\/ul><\/figure>\n","protected":false},"excerpt":{"rendered":"<p>Matkan varrelta T\u00e4\u00e4lt\u00e4 l\u00f6yd\u00e4t Jetiss\u00e4 vietettyj\u00e4 ikimuistoisia hetki\u00e4 vuosien varrelta! L\u00f6yd\u00e4t lis\u00e4\u00e4 ja tuoreempia kuvia my\u00f6s meid\u00e4n Instagramista!<\/p>\n","protected":false},"author":1,"featured_media":0,"parent":0,"menu_order":0,"comment_status":"closed","ping_status":"closed","template":"","meta":[],"_links":{"self":[{"href":"http:\/\/www.jetsetbar.fi\/index.php\/wp-json\/wp\/v2\/pages\/26"}],"collection":[{"href":"http:\/\/www.jetsetbar.fi\/index.php\/wp-json\/wp\/v2\/pages"}],"about":[{"href":"http:\/\/www.jetsetbar.fi\/index.php\/wp-json\/wp\/v2\/types\/page"}],"author":[{"embeddable":true,"href":"http:\/\/www.jetsetbar.fi\/index.php\/wp-json\/wp\/v2\/users\/1"}],"replies":[{"embeddable":true,"href":"http:\/\/www.jetsetbar.fi\/index.php\/wp-json\/wp\/v2\/comments?post=26"}],"version-history":[{"count":8,"href":"http:\/\/www.jetsetbar.fi\/index.php\/wp-json\/wp\/v2\/pages\/26\/revisions"}],"predecessor-version":[{"id":244,"href":"http:\/\/www.jetsetbar.fi\/index.php\/wp-json\/wp\/v2\/pages\/26\/revisions\/244"}],"wp:attachment":[{"href":"http:\/\/www.jetsetbar.fi\/index.php\/wp-json\/wp\/v2\/media?parent=26"}],"curies":[{"name":"wp","href":"https:\/\/api.w.org\/{rel}","templated":true}]}}